{"id":1428,"date":"2025-07-04T16:06:15","date_gmt":"2025-07-04T13:06:15","guid":{"rendered":"https:\/\/ilmre.ee\/?page_id=1428"},"modified":"2025-07-04T16:24:26","modified_gmt":"2025-07-04T13:24:26","slug":"projektit-tuotanto-ja-varastointiohjelmisto","status":"publish","type":"page","link":"https:\/\/ilmre.ee\/fi\/projektit-tuotanto-ja-varastointiohjelmisto\/","title":{"rendered":"Projektit"},"content":{"rendered":"<section>\n<h2>Ilmren tuotanto- ja varastoj\u00e4rjestelm\u00e4n k\u00e4ytt\u00f6\u00f6notto<\/h2>\n<p>\n    Digitalisaatiohanke \u201dTuotanto- ja varastoj\u00e4rjestelm\u00e4n k\u00e4ytt\u00f6\u00f6notto\u201d toteutetaan Euroopan unionin NextGenerationEU-rahoituksella.<br \/>\n    Hankkeen tavoitteena on kehitt\u00e4\u00e4 ja ottaa k\u00e4ytt\u00f6\u00f6n ohjelmisto, joka parantaa tuotannon tehokkuutta ja yhdist\u00e4\u00e4 liiketoimintaprosessit yhdeksi j\u00e4rjestelm\u00e4ksi.<br \/>\n    Tuloksena otetaan k\u00e4ytt\u00f6\u00f6n MRP-tuotannonohjausj\u00e4rjestelm\u00e4.<br \/>\n    Hanketta tukee Euroopan unioni <strong>95 705,52 euron<\/strong> rahoituksella.\n  <\/p>\n<p>  <img loading=\"lazy\" decoding=\"async\" src=\"https:\/\/ilmre.ee\/wp-content\/uploads\/2025\/07\/NextGen_Rahastanud_EL_NextGeneration_ENG_hor_color_RGB.jpg\"\n       alt=\"Rahoittanut Euroopan unioni \u2013 NextGenerationEU\" width=\"300\" height=\"168\" \/><br \/>\n<\/section>\n","protected":false},"excerpt":{"rendered":"<p>Ilmren tuotanto- ja varastoj\u00e4rjestelm\u00e4n k\u00e4ytt\u00f6\u00f6notto Digitalisaatiohanke \u201dTuotanto- ja varastoj\u00e4rjestelm\u00e4n k\u00e4ytt\u00f6\u00f6notto\u201d toteutetaan Euroopan unionin NextGenerationEU-rahoituksella. Hankkeen tavoitteena on kehitt\u00e4\u00e4 ja ottaa k\u00e4ytt\u00f6\u00f6n ohjelmisto, joka parantaa tuotannon tehokkuutta ja yhdist\u00e4\u00e4 liiketoimintaprosessit yhdeksi j\u00e4rjestelm\u00e4ksi. Tuloksena otetaan k\u00e4ytt\u00f6\u00f6n MRP-tuotannonohjausj\u00e4rjestelm\u00e4. Hanketta tukee Euroopan unioni 95 705,52 euron rahoituksella.<\/p>\n","protected":false},"author":3,"featured_media":0,"parent":0,"menu_order":0,"comment_status":"closed","ping_status":"closed","template":"","meta":{"_acf_changed":false,"inline_featured_image":false,"footnotes":""},"class_list":["post-1428","page","type-page","status-publish","hentry"],"acf":[],"yoast_head":"<!-- This site is optimized with the Yoast SEO plugin v25.7 - https:\/\/yoast.com\/wordpress\/plugins\/seo\/ -->\n<title>Ilmre \u2013 MRP-ohjelmiston k\u00e4ytt\u00f6\u00f6notto | EU NextGenerationEU<\/title>\n<meta name=\"description\" content=\"Ilmren digitalisaatiohanke Euroopan unionin tuella. Tuotannon tehostamiseksi kehitetty ja k\u00e4ytt\u00f6\u00f6n otettu MRP-j\u00e4rjestelm\u00e4.\" \/>\n<meta name=\"robots\" content=\"index, follow, max-snippet:-1, max-image-preview:large, max-video-preview:-1\" \/>\n<link rel=\"canonical\" href=\"https:\/\/ilmre.ee\/fi\/projektit-tuotanto-ja-varastointiohjelmisto\/\" \/>\n<meta property=\"og:locale\" content=\"fi_FI\" \/>\n<meta property=\"og:type\" content=\"article\" \/>\n<meta property=\"og:title\" content=\"Ilmre \u2013 MRP-ohjelmiston k\u00e4ytt\u00f6\u00f6notto | EU NextGenerationEU\" \/>\n<meta property=\"og:description\" content=\"Ilmren digitalisaatiohanke Euroopan unionin tuella. Tuotannon tehostamiseksi kehitetty ja k\u00e4ytt\u00f6\u00f6n otettu MRP-j\u00e4rjestelm\u00e4.\" \/>\n<meta property=\"og:url\" content=\"https:\/\/ilmre.ee\/fi\/projektit-tuotanto-ja-varastointiohjelmisto\/\" \/>\n<meta property=\"og:site_name\" content=\"Ilmre\" \/>\n<meta property=\"article:modified_time\" content=\"2025-07-04T13:24:26+00:00\" \/>\n<meta property=\"og:image\" content=\"https:\/\/ilmre.ee\/wp-content\/uploads\/2025\/07\/NextGen_Rahastanud_EL_NextGeneration_ENG_hor_color_RGB.jpg\" \/>\n<meta name=\"twitter:card\" content=\"summary_large_image\" \/>\n<meta name=\"twitter:label1\" content=\"Arvioitu lukuaika\" \/>\n\t<meta name=\"twitter:data1\" content=\"1 minuutti\" \/>\n<script type=\"application\/ld+json\" class=\"yoast-schema-graph\">{\"@context\":\"https:\/\/schema.org\",\"@graph\":[{\"@type\":\"WebPage\",\"@id\":\"https:\/\/ilmre.ee\/fi\/projektit-tuotanto-ja-varastointiohjelmisto\/\",\"url\":\"https:\/\/ilmre.ee\/fi\/projektit-tuotanto-ja-varastointiohjelmisto\/\",\"name\":\"Ilmre \u2013 MRP-ohjelmiston k\u00e4ytt\u00f6\u00f6notto | EU NextGenerationEU\",\"isPartOf\":{\"@id\":\"https:\/\/ilmre.ee\/fi\/#website\"},\"primaryImageOfPage\":{\"@id\":\"https:\/\/ilmre.ee\/fi\/projektit-tuotanto-ja-varastointiohjelmisto\/#primaryimage\"},\"image\":{\"@id\":\"https:\/\/ilmre.ee\/fi\/projektit-tuotanto-ja-varastointiohjelmisto\/#primaryimage\"},\"thumbnailUrl\":\"https:\/\/ilmre.ee\/wp-content\/uploads\/2025\/07\/NextGen_Rahastanud_EL_NextGeneration_ENG_hor_color_RGB.jpg\",\"datePublished\":\"2025-07-04T13:06:15+00:00\",\"dateModified\":\"2025-07-04T13:24:26+00:00\",\"description\":\"Ilmren digitalisaatiohanke Euroopan unionin tuella. Tuotannon tehostamiseksi kehitetty ja k\u00e4ytt\u00f6\u00f6n otettu MRP-j\u00e4rjestelm\u00e4.\",\"breadcrumb\":{\"@id\":\"https:\/\/ilmre.ee\/fi\/projektit-tuotanto-ja-varastointiohjelmisto\/#breadcrumb\"},\"inLanguage\":\"fi\",\"potentialAction\":[{\"@type\":\"ReadAction\",\"target\":[\"https:\/\/ilmre.ee\/fi\/projektit-tuotanto-ja-varastointiohjelmisto\/\"]}]},{\"@type\":\"ImageObject\",\"inLanguage\":\"fi\",\"@id\":\"https:\/\/ilmre.ee\/fi\/projektit-tuotanto-ja-varastointiohjelmisto\/#primaryimage\",\"url\":\"https:\/\/ilmre.ee\/wp-content\/uploads\/2025\/07\/NextGen_Rahastanud_EL_NextGeneration_ENG_hor_color_RGB.jpg\",\"contentUrl\":\"https:\/\/ilmre.ee\/wp-content\/uploads\/2025\/07\/NextGen_Rahastanud_EL_NextGeneration_ENG_hor_color_RGB.jpg\"},{\"@type\":\"BreadcrumbList\",\"@id\":\"https:\/\/ilmre.ee\/fi\/projektit-tuotanto-ja-varastointiohjelmisto\/#breadcrumb\",\"itemListElement\":[{\"@type\":\"ListItem\",\"position\":1,\"name\":\"Home\",\"item\":\"https:\/\/ilmre.ee\/fi\/\"},{\"@type\":\"ListItem\",\"position\":2,\"name\":\"Projektit\"}]},{\"@type\":\"WebSite\",\"@id\":\"https:\/\/ilmre.ee\/fi\/#website\",\"url\":\"https:\/\/ilmre.ee\/fi\/\",\"name\":\"Ilmre\",\"description\":\"Your wooden packaging\",\"publisher\":{\"@id\":\"https:\/\/ilmre.ee\/fi\/#organization\"},\"potentialAction\":[{\"@type\":\"SearchAction\",\"target\":{\"@type\":\"EntryPoint\",\"urlTemplate\":\"https:\/\/ilmre.ee\/fi\/?s={search_term_string}\"},\"query-input\":{\"@type\":\"PropertyValueSpecification\",\"valueRequired\":true,\"valueName\":\"search_term_string\"}}],\"inLanguage\":\"fi\"},{\"@type\":\"Organization\",\"@id\":\"https:\/\/ilmre.ee\/fi\/#organization\",\"name\":\"Ilmre\",\"url\":\"https:\/\/ilmre.ee\/fi\/\",\"logo\":{\"@type\":\"ImageObject\",\"inLanguage\":\"fi\",\"@id\":\"https:\/\/ilmre.ee\/fi\/#\/schema\/logo\/image\/\",\"url\":\"https:\/\/ilmre.ee\/wp-content\/uploads\/2022\/11\/ilmre_logo_slogan_dark.png\",\"contentUrl\":\"https:\/\/ilmre.ee\/wp-content\/uploads\/2022\/11\/ilmre_logo_slogan_dark.png\",\"width\":1920,\"height\":948,\"caption\":\"Ilmre\"},\"image\":{\"@id\":\"https:\/\/ilmre.ee\/fi\/#\/schema\/logo\/image\/\"}}]}<\/script>\n<!-- \/ Yoast SEO plugin. -->","yoast_head_json":{"title":"Ilmre \u2013 MRP-ohjelmiston k\u00e4ytt\u00f6\u00f6notto | EU NextGenerationEU","description":"Ilmren digitalisaatiohanke Euroopan unionin tuella. Tuotannon tehostamiseksi kehitetty ja k\u00e4ytt\u00f6\u00f6n otettu MRP-j\u00e4rjestelm\u00e4.","robots":{"index":"index","follow":"follow","max-snippet":"max-snippet:-1","max-image-preview":"max-image-preview:large","max-video-preview":"max-video-preview:-1"},"canonical":"https:\/\/ilmre.ee\/fi\/projektit-tuotanto-ja-varastointiohjelmisto\/","og_locale":"fi_FI","og_type":"article","og_title":"Ilmre \u2013 MRP-ohjelmiston k\u00e4ytt\u00f6\u00f6notto | EU NextGenerationEU","og_description":"Ilmren digitalisaatiohanke Euroopan unionin tuella. Tuotannon tehostamiseksi kehitetty ja k\u00e4ytt\u00f6\u00f6n otettu MRP-j\u00e4rjestelm\u00e4.","og_url":"https:\/\/ilmre.ee\/fi\/projektit-tuotanto-ja-varastointiohjelmisto\/","og_site_name":"Ilmre","article_modified_time":"2025-07-04T13:24:26+00:00","og_image":[{"url":"https:\/\/ilmre.ee\/wp-content\/uploads\/2025\/07\/NextGen_Rahastanud_EL_NextGeneration_ENG_hor_color_RGB.jpg","type":"","width":"","height":""}],"twitter_card":"summary_large_image","twitter_misc":{"Arvioitu lukuaika":"1 minuutti"},"schema":{"@context":"https:\/\/schema.org","@graph":[{"@type":"WebPage","@id":"https:\/\/ilmre.ee\/fi\/projektit-tuotanto-ja-varastointiohjelmisto\/","url":"https:\/\/ilmre.ee\/fi\/projektit-tuotanto-ja-varastointiohjelmisto\/","name":"Ilmre \u2013 MRP-ohjelmiston k\u00e4ytt\u00f6\u00f6notto | EU NextGenerationEU","isPartOf":{"@id":"https:\/\/ilmre.ee\/fi\/#website"},"primaryImageOfPage":{"@id":"https:\/\/ilmre.ee\/fi\/projektit-tuotanto-ja-varastointiohjelmisto\/#primaryimage"},"image":{"@id":"https:\/\/ilmre.ee\/fi\/projektit-tuotanto-ja-varastointiohjelmisto\/#primaryimage"},"thumbnailUrl":"https:\/\/ilmre.ee\/wp-content\/uploads\/2025\/07\/NextGen_Rahastanud_EL_NextGeneration_ENG_hor_color_RGB.jpg","datePublished":"2025-07-04T13:06:15+00:00","dateModified":"2025-07-04T13:24:26+00:00","description":"Ilmren digitalisaatiohanke Euroopan unionin tuella. Tuotannon tehostamiseksi kehitetty ja k\u00e4ytt\u00f6\u00f6n otettu MRP-j\u00e4rjestelm\u00e4.","breadcrumb":{"@id":"https:\/\/ilmre.ee\/fi\/projektit-tuotanto-ja-varastointiohjelmisto\/#breadcrumb"},"inLanguage":"fi","potentialAction":[{"@type":"ReadAction","target":["https:\/\/ilmre.ee\/fi\/projektit-tuotanto-ja-varastointiohjelmisto\/"]}]},{"@type":"ImageObject","inLanguage":"fi","@id":"https:\/\/ilmre.ee\/fi\/projektit-tuotanto-ja-varastointiohjelmisto\/#primaryimage","url":"https:\/\/ilmre.ee\/wp-content\/uploads\/2025\/07\/NextGen_Rahastanud_EL_NextGeneration_ENG_hor_color_RGB.jpg","contentUrl":"https:\/\/ilmre.ee\/wp-content\/uploads\/2025\/07\/NextGen_Rahastanud_EL_NextGeneration_ENG_hor_color_RGB.jpg"},{"@type":"BreadcrumbList","@id":"https:\/\/ilmre.ee\/fi\/projektit-tuotanto-ja-varastointiohjelmisto\/#breadcrumb","itemListElement":[{"@type":"ListItem","position":1,"name":"Home","item":"https:\/\/ilmre.ee\/fi\/"},{"@type":"ListItem","position":2,"name":"Projektit"}]},{"@type":"WebSite","@id":"https:\/\/ilmre.ee\/fi\/#website","url":"https:\/\/ilmre.ee\/fi\/","name":"Ilmre","description":"Your wooden packaging","publisher":{"@id":"https:\/\/ilmre.ee\/fi\/#organization"},"potentialAction":[{"@type":"SearchAction","target":{"@type":"EntryPoint","urlTemplate":"https:\/\/ilmre.ee\/fi\/?s={search_term_string}"},"query-input":{"@type":"PropertyValueSpecification","valueRequired":true,"valueName":"search_term_string"}}],"inLanguage":"fi"},{"@type":"Organization","@id":"https:\/\/ilmre.ee\/fi\/#organization","name":"Ilmre","url":"https:\/\/ilmre.ee\/fi\/","logo":{"@type":"ImageObject","inLanguage":"fi","@id":"https:\/\/ilmre.ee\/fi\/#\/schema\/logo\/image\/","url":"https:\/\/ilmre.ee\/wp-content\/uploads\/2022\/11\/ilmre_logo_slogan_dark.png","contentUrl":"https:\/\/ilmre.ee\/wp-content\/uploads\/2022\/11\/ilmre_logo_slogan_dark.png","width":1920,"height":948,"caption":"Ilmre"},"image":{"@id":"https:\/\/ilmre.ee\/fi\/#\/schema\/logo\/image\/"}}]}},"_links":{"self":[{"href":"https:\/\/ilmre.ee\/fi\/wp-json\/wp\/v2\/pages\/1428","targetHints":{"allow":["GET"]}}],"collection":[{"href":"https:\/\/ilmre.ee\/fi\/wp-json\/wp\/v2\/pages"}],"about":[{"href":"https:\/\/ilmre.ee\/fi\/wp-json\/wp\/v2\/types\/page"}],"author":[{"embeddable":true,"href":"https:\/\/ilmre.ee\/fi\/wp-json\/wp\/v2\/users\/3"}],"replies":[{"embeddable":true,"href":"https:\/\/ilmre.ee\/fi\/wp-json\/wp\/v2\/comments?post=1428"}],"version-history":[{"count":3,"href":"https:\/\/ilmre.ee\/fi\/wp-json\/wp\/v2\/pages\/1428\/revisions"}],"predecessor-version":[{"id":1438,"href":"https:\/\/ilmre.ee\/fi\/wp-json\/wp\/v2\/pages\/1428\/revisions\/1438"}],"wp:attachment":[{"href":"https:\/\/ilmre.ee\/fi\/wp-json\/wp\/v2\/media?parent=1428"}],"curies":[{"name":"wp","href":"https:\/\/api.w.org\/{rel}","templated":true}]}}